{"id":1150,"date":"2023-11-24T15:00:39","date_gmt":"2023-11-24T14:00:39","guid":{"rendered":"https:\/\/www.fermedelatour-bugey.com\/contact\/"},"modified":"2024-05-07T09:35:28","modified_gmt":"2024-05-07T07:35:28","slug":"contact","status":"publish","type":"page","link":"https:\/\/www.fermedelatour-bugey.com\/en\/contact\/","title":{"rendered":"Contact"},"content":{"rendered":"\t\t<div data-elementor-type=\"wp-page\" data-elementor-id=\"1150\" class=\"elementor elementor-1150 elementor-53\" data-elementor-post-type=\"page\">\n\t\t\t\t<div class=\"elementor-element elementor-element-9d6ea35 e-flex e-con-boxed e-con e-parent\" data-id=\"9d6ea35\" data-element_type=\"container\" data-e-type=\"container\" data-settings=\"{&quot;background_background&quot;:&quot;classic&quot;}\">\n\t\t\t\t\t<div class=\"e-con-inner\">\n\t\t\t\t<div class=\"elementor-element elementor-element-936abe9 elementor-widget__width-initial elementor-widget elementor-widget-image\" data-id=\"936abe9\" data-element_type=\"widget\" data-e-type=\"widget\" data-widget_type=\"image.default\">\n\t\t\t\t<div class=\"elementor-widget-container\">\n\t\t\t\t\t\t\t\t\t\t\t\t\t\t\t<img fetchpriority=\"high\" decoding=\"async\" width=\"600\" height=\"738\" src=\"https:\/\/www.fermedelatour-bugey.com\/wp-content\/uploads\/blason-ferme-de-la-tour.svg\" class=\"attachment-full size-full wp-image-1493\" alt=\"Coat of arms of the Ferme de la Tour\" \/>\t\t\t\t\t\t\t\t\t\t\t\t\t\t\t<\/div>\n\t\t\t\t<\/div>\n\t\t\t\t<div class=\"elementor-element elementor-element-5595a98 elementor-widget elementor-widget-heading\" data-id=\"5595a98\" data-element_type=\"widget\" data-e-type=\"widget\" data-widget_type=\"heading.default\">\n\t\t\t\t<div class=\"elementor-widget-container\">\n\t\t\t\t\t<h1 class=\"elementor-heading-title elementor-size-default\">Contact &amp; Access<\/h1>\t\t\t\t<\/div>\n\t\t\t\t<\/div>\n\t\t\t\t<div class=\"elementor-element elementor-element-660f5a0 elementor-widget__width-initial elementor-widget elementor-widget-image\" data-id=\"660f5a0\" data-element_type=\"widget\" data-e-type=\"widget\" data-widget_type=\"image.default\">\n\t\t\t\t<div class=\"elementor-widget-container\">\n\t\t\t\t\t\t\t\t\t\t\t\t\t\t\t<img fetchpriority=\"high\" decoding=\"async\" width=\"600\" height=\"738\" src=\"https:\/\/www.fermedelatour-bugey.com\/wp-content\/uploads\/blason-ferme-de-la-tour.svg\" class=\"attachment-full size-full wp-image-1493\" alt=\"Coat of arms of the Ferme de la Tour\" \/>\t\t\t\t\t\t\t\t\t\t\t\t\t\t\t<\/div>\n\t\t\t\t<\/div>\n\t\t\t\t\t<\/div>\n\t\t\t\t<\/div>\n\t\t<div class=\"elementor-element elementor-element-a47a8f8 e-flex e-con-boxed e-con e-parent\" data-id=\"a47a8f8\" data-element_type=\"container\" data-e-type=\"container\">\n\t\t\t\t\t<div class=\"e-con-inner\">\n\t\t\t\t<div class=\"elementor-element elementor-element-be0d09e elementor-widget__width-inherit elementor-widget elementor-widget-heading\" data-id=\"be0d09e\" data-element_type=\"widget\" data-e-type=\"widget\" data-widget_type=\"heading.default\">\n\t\t\t\t<div class=\"elementor-widget-container\">\n\t\t\t\t\t<h2 class=\"elementor-heading-title elementor-size-default\">Contact us<\/h2>\t\t\t\t<\/div>\n\t\t\t\t<\/div>\n\t\t\t\t<div class=\"elementor-element elementor-element-34b5208 elementor-widget__width-inherit elementor-widget elementor-widget-text-editor\" data-id=\"34b5208\" data-element_type=\"widget\" data-e-type=\"widget\" data-widget_type=\"text-editor.default\">\n\t\t\t\t<div class=\"elementor-widget-container\">\n\t\t\t\t\t\t\t\t\t<p>Have an inquiry or a special request?<\/p>\n\t\t\t\t\t\t\t\t<\/div>\n\t\t\t\t<\/div>\n\t\t<div class=\"elementor-element elementor-element-d1294c4 e-con-full e-flex e-con e-child\" data-id=\"d1294c4\" data-element_type=\"container\" data-e-type=\"container\">\n\t\t<div class=\"elementor-element elementor-element-a586a32 e-flex e-con-boxed e-con e-child\" data-id=\"a586a32\" data-element_type=\"container\" data-e-type=\"container\">\n\t\t\t\t\t<div class=\"e-con-inner\">\n\t\t\t\t<div class=\"elementor-element elementor-element-ebb9495 elementor-widget__width-inherit elementor-widget elementor-widget-heading\" data-id=\"ebb9495\" data-element_type=\"widget\" data-e-type=\"widget\" data-widget_type=\"heading.default\">\n\t\t\t\t<div class=\"elementor-widget-container\">\n\t\t\t\t\t<div class=\"elementor-heading-title elementor-size-default\">By phone<\/div>\t\t\t\t<\/div>\n\t\t\t\t<\/div>\n\t\t\t\t<div class=\"elementor-element elementor-element-608fd27 elementor-widget__width-inherit elementor-widget elementor-widget-heading\" data-id=\"608fd27\" data-element_type=\"widget\" data-e-type=\"widget\" data-widget_type=\"heading.default\">\n\t\t\t\t<div class=\"elementor-widget-container\">\n\t\t\t\t\t<div class=\"elementor-heading-title elementor-size-default\"><a href=\"tel:+33674599294\">Isabelle DE CHALON<br>\n+33 (0)7 86 53 04 25<\/a><\/div>\t\t\t\t<\/div>\n\t\t\t\t<\/div>\n\t\t\t\t\t<\/div>\n\t\t\t\t<\/div>\n\t\t<div class=\"elementor-element elementor-element-cdf2889 e-flex e-con-boxed e-con e-child\" data-id=\"cdf2889\" data-element_type=\"container\" data-e-type=\"container\">\n\t\t\t\t\t<div class=\"e-con-inner\">\n\t\t\t\t<div class=\"elementor-element elementor-element-40a2721 elementor-widget__width-inherit elementor-widget elementor-widget-heading\" data-id=\"40a2721\" data-element_type=\"widget\" data-e-type=\"widget\" data-widget_type=\"heading.default\">\n\t\t\t\t<div class=\"elementor-widget-container\">\n\t\t\t\t\t<div class=\"elementor-heading-title elementor-size-default\">By email<\/div>\t\t\t\t<\/div>\n\t\t\t\t<\/div>\n\t\t\t\t<div class=\"elementor-element elementor-element-18569c3 elementor-widget__width-inherit elementor-widget elementor-widget-heading\" data-id=\"18569c3\" data-element_type=\"widget\" data-e-type=\"widget\" data-widget_type=\"heading.default\">\n\t\t\t\t<div class=\"elementor-widget-container\">\n\t\t\t\t\t<div class=\"elementor-heading-title elementor-size-default\">info@fermedelatour-bugey.com<\/div>\t\t\t\t<\/div>\n\t\t\t\t<\/div>\n\t\t\t\t\t<\/div>\n\t\t\t\t<\/div>\n\t\t\t\t<\/div>\n\t\t\t\t\t<\/div>\n\t\t\t\t<\/div>\n\t\t<div class=\"elementor-element elementor-element-74f4e66 e-flex e-con-boxed e-con e-parent\" data-id=\"74f4e66\" data-element_type=\"container\" data-e-type=\"container\" id=\"acces\">\n\t\t\t\t\t<div class=\"e-con-inner\">\n\t\t\t\t<div class=\"elementor-element elementor-element-8176df9 elementor-widget__width-inherit elementor-widget elementor-widget-heading\" data-id=\"8176df9\" data-element_type=\"widget\" data-e-type=\"widget\" data-widget_type=\"heading.default\">\n\t\t\t\t<div class=\"elementor-widget-container\">\n\t\t\t\t\t<h2 class=\"elementor-heading-title elementor-size-default\">Access the Ferme de la Tour<\/h2>\t\t\t\t<\/div>\n\t\t\t\t<\/div>\n\t\t<div class=\"elementor-element elementor-element-65105f5 e-con-full e-flex e-con e-child\" data-id=\"65105f5\" data-element_type=\"container\" data-e-type=\"container\">\n\t\t<div class=\"elementor-element elementor-element-821309f e-flex e-con-boxed e-con e-child\" data-id=\"821309f\" data-element_type=\"container\" data-e-type=\"container\">\n\t\t\t\t\t<div class=\"e-con-inner\">\n\t\t\t\t<div class=\"elementor-element elementor-element-7454892 elementor-widget__width-inherit elementor-widget elementor-widget-heading\" data-id=\"7454892\" data-element_type=\"widget\" data-e-type=\"widget\" data-widget_type=\"heading.default\">\n\t\t\t\t<div class=\"elementor-widget-container\">\n\t\t\t\t\t<div class=\"elementor-heading-title elementor-size-default\">Address<\/div>\t\t\t\t<\/div>\n\t\t\t\t<\/div>\n\t\t\t\t<div class=\"elementor-element elementor-element-15f45dc elementor-widget__width-inherit elementor-widget elementor-widget-heading\" data-id=\"15f45dc\" data-element_type=\"widget\" data-e-type=\"widget\" data-widget_type=\"heading.default\">\n\t\t\t\t<div class=\"elementor-widget-container\">\n\t\t\t\t\t<div class=\"elementor-heading-title elementor-size-default\">La Tour<br>\n01130 Les Neyrolles, France<\/div>\t\t\t\t<\/div>\n\t\t\t\t<\/div>\n\t\t\t\t\t<\/div>\n\t\t\t\t<\/div>\n\t\t<div class=\"elementor-element elementor-element-398e68b e-flex e-con-boxed e-con e-child\" data-id=\"398e68b\" data-element_type=\"container\" data-e-type=\"container\">\n\t\t\t\t\t<div class=\"e-con-inner\">\n\t\t\t\t<div class=\"elementor-element elementor-element-de6615e elementor-widget__width-inherit elementor-widget elementor-widget-heading\" data-id=\"de6615e\" data-element_type=\"widget\" data-e-type=\"widget\" data-widget_type=\"heading.default\">\n\t\t\t\t<div class=\"elementor-widget-container\">\n\t\t\t\t\t<div class=\"elementor-heading-title elementor-size-default\">GPS Coordinates<\/div>\t\t\t\t<\/div>\n\t\t\t\t<\/div>\n\t\t\t\t<div class=\"elementor-element elementor-element-1f5413f elementor-widget__width-inherit elementor-widget elementor-widget-heading\" data-id=\"1f5413f\" data-element_type=\"widget\" data-e-type=\"widget\" data-widget_type=\"heading.default\">\n\t\t\t\t<div class=\"elementor-widget-container\">\n\t\t\t\t\t<div class=\"elementor-heading-title elementor-size-default\">Latitude: 46.11<br>\nLongitude: 5.63<\/div>\t\t\t\t<\/div>\n\t\t\t\t<\/div>\n\t\t\t\t\t<\/div>\n\t\t\t\t<\/div>\n\t\t\t\t<\/div>\n\t\t<div class=\"elementor-element elementor-element-e254d7b e-con-full e-flex e-con e-child\" data-id=\"e254d7b\" data-element_type=\"container\" data-e-type=\"container\">\n\t\t\t\t<div class=\"elementor-element elementor-element-f38c1cf elementor-widget__width-inherit elementor-widget elementor-widget-heading\" data-id=\"f38c1cf\" data-element_type=\"widget\" data-e-type=\"widget\" data-widget_type=\"heading.default\">\n\t\t\t\t<div class=\"elementor-widget-container\">\n\t\t\t\t\t<div class=\"elementor-heading-title elementor-size-default\">To reach La Tour<\/div>\t\t\t\t<\/div>\n\t\t\t\t<\/div>\n\t\t<div class=\"elementor-element elementor-element-1db6995 e-con-full e-flex e-con e-child\" data-id=\"1db6995\" data-element_type=\"container\" data-e-type=\"container\">\n\t\t\t\t<div class=\"elementor-element elementor-element-c31bc91 elementor-widget__width-inherit elementor-widget elementor-widget-heading\" data-id=\"c31bc91\" data-element_type=\"widget\" data-e-type=\"widget\" data-widget_type=\"heading.default\">\n\t\t\t\t<div class=\"elementor-widget-container\">\n\t\t\t\t\t<div class=\"elementor-heading-title elementor-size-default\">From the west<br>(Lyon is about 1h30 away)<\/div>\t\t\t\t<\/div>\n\t\t\t\t<\/div>\n\t\t\t\t<div class=\"elementor-element elementor-element-f2be426 elementor-widget__width-inherit elementor-widget elementor-widget-heading\" data-id=\"f2be426\" data-element_type=\"widget\" data-e-type=\"widget\" data-widget_type=\"heading.default\">\n\t\t\t\t<div class=\"elementor-widget-container\">\n\t\t\t\t\t<div class=\"elementor-heading-title elementor-size-default\">Take exit 8 from the A40 at Saint-Martin-du-Fr\u00eane, then head towards Br\u00e9nod. Do not take the D57 west of Br\u00e9nod; instead, follow the D57 north from Br\u00e9nod to reach La Tour.<\/div>\t\t\t\t<\/div>\n\t\t\t\t<\/div>\n\t\t\t\t<\/div>\n\t\t<div class=\"elementor-element elementor-element-130c9eb e-con-full e-flex e-con e-child\" data-id=\"130c9eb\" data-element_type=\"container\" data-e-type=\"container\">\n\t\t\t\t<div class=\"elementor-element elementor-element-a4aa0f1 elementor-widget__width-inherit elementor-widget elementor-widget-heading\" data-id=\"a4aa0f1\" data-element_type=\"widget\" data-e-type=\"widget\" data-widget_type=\"heading.default\">\n\t\t\t\t<div class=\"elementor-widget-container\">\n\t\t\t\t\t<div class=\"elementor-heading-title elementor-size-default\">From the east<br>(Geneva is about 1h30 away)<\/div>\t\t\t\t<\/div>\n\t\t\t\t<\/div>\n\t\t\t\t<div class=\"elementor-element elementor-element-9057942 elementor-widget__width-inherit elementor-widget elementor-widget-heading\" data-id=\"9057942\" data-element_type=\"widget\" data-e-type=\"widget\" data-widget_type=\"heading.default\">\n\t\t\t\t<div class=\"elementor-widget-container\">\n\t\t\t\t\t<div class=\"elementor-heading-title elementor-size-default\">Take exit 8 from the A40 at Saint-Martin-du-Fr\u00eane (do not take the Neyrolles motorway exit as the D39 access road has been permanently closed from Les Neyrolles), head towards Br\u00e9nod, then take the D57 north to reach La Tour.<\/div>\t\t\t\t<\/div>\n\t\t\t\t<\/div>\n\t\t\t\t<\/div>\n\t\t\t\t<\/div>\n\t\t\t\t<div class=\"elementor-element elementor-element-4adf848 elementor-widget__width-inherit elementor-widget elementor-widget-html\" data-id=\"4adf848\" data-element_type=\"widget\" data-e-type=\"widget\" data-widget_type=\"html.default\">\n\t\t\t\t<div class=\"elementor-widget-container\">\n\t\t\t\t\t<div id=\"map\"><\/div>\t\t\t\t<\/div>\n\t\t\t\t<\/div>\n\t\t\t\t\t<\/div>\n\t\t\t\t<\/div>\n\t\t<div class=\"elementor-element elementor-element-497b18d e-con-full player e-flex e-con e-parent\" data-id=\"497b18d\" data-element_type=\"container\" data-e-type=\"container\" data-settings=\"{&quot;background_background&quot;:&quot;classic&quot;,&quot;position&quot;:&quot;fixed&quot;}\">\n\t\t<div class=\"elementor-element elementor-element-ecac4f0 e-con-full e-flex e-con e-child\" data-id=\"ecac4f0\" data-element_type=\"container\" data-e-type=\"container\">\n\t\t\t\t<div class=\"elementor-element elementor-element-1c1c0d7 elementor-widget__width-initial titre-musique elementor-widget elementor-widget-heading\" data-id=\"1c1c0d7\" data-element_type=\"widget\" data-e-type=\"widget\" data-widget_type=\"heading.default\">\n\t\t\t\t<div class=\"elementor-widget-container\">\n\t\t\t\t\t<div class=\"elementor-heading-title elementor-size-default\">The Four Seasons, Spring: Danza Pastorale Allegro - Antonio Vivaldi<\/div>\t\t\t\t<\/div>\n\t\t\t\t<\/div>\n\t\t\t\t<\/div>\n\t\t\t\t<div class=\"elementor-element elementor-element-a0bb1aa elementor-widget__width-initial elementor-widget elementor-widget-html\" data-id=\"a0bb1aa\" data-element_type=\"widget\" data-e-type=\"widget\" data-widget_type=\"html.default\">\n\t\t\t\t<div class=\"elementor-widget-container\">\n\t\t\t\t\t<div id=\"playPauseBtn\" class=\"elementor-icon\">\n\n<!-- Ic\u00f4ne Play initialement visible -->\n<svg xmlns=\"http:\/\/www.w3.org\/2000\/svg\" aria-hidden=\"true\" class=\"e-font-icon-svg e-fas-play\" viewbox=\"0 0 448 512\"><path d=\"M424.4 214.7L72.4 6.6C43.8-10.3 0 6.1 0 47.9V464c0 37.5 40.7 60.1 72.4 41.3l352-208c31.4-18.5 31.5-64.1 0-82.6z\"><\/path><\/path><\/svg>\n\n<!-- Ic\u00f4ne Pause initialement cach\u00e9e -->\n<svg xmlns=\"http:\/\/www.w3.org\/2000\/svg\" aria-hidden=\"true\" class=\"e-font-icon-svg e-fas-pause\" style=\"display: none;\" viewbox=\"0 0 448 512\"><path d=\"M144 479H48c-26.5 0-48-21.5-48-48V79c0-26.5 21.5-48 48-48h96c26.5 0 48 21.5 48 48v352c0 26.5-21.5 48-48 48zm304-48V79c0-26.5-21.5-48-48-48h-96c-26.5 0-48 21.5-48 48v352c0 26.5 21.5 48 48 48h96c26.5 0 48-21.5 48-48z\"><\/path><\/path><\/svg>\n<\/div>\n\n<audio id=\"myAudio\">\n  <source src=\"https:\/\/www.fermedelatour-bugey.com\/wp-content\/uploads\/les-quatre-saisons-le-printemps-danza-pastorale-allegro-antonio-vivaldi.mp3\" type=\"audio\/mpeg\">\n Your browser does not support the audio element.\n<\/source><\/audio>\n\n<script>\n    document.getElementById('playPauseBtn').addEventListener('click', function() {\n  var audio = document.getElementById('myAudio');\n  var playIcon = this.querySelector('.e-fas-play');\n  var pauseIcon = this.querySelector('.e-fas-pause');\n\n  if (audio.paused) {\n    audio.play();\n    playIcon.style.display = 'none';\n    pauseIcon.style.display = 'inline';\n  } else {\n    audio.pause();\n    playIcon.style.display = 'inline';\n    pauseIcon.style.display = 'none';\n  }\n});\n<\/script>\t\t\t\t<\/div>\n\t\t\t\t<\/div>\n\t\t\t\t<\/div>\n\t\t\t\t<\/div>\n\t\t","protected":false},"excerpt":{"rendered":"<p>Contact &amp; Access Contact us Have an inquiry or a special request? By phone Isabelle DE CHALON +33 (0)7 86 53 04 25 By email info@fermedelatour-bugey.com Access the Ferme de la Tour Address La Tour 01130 Les Neyrolles, France GPS Coordinates Latitude: 46.11 Longitude: 5.63 To reach La Tour From the west(Lyon is about 1h30 [&hellip;]<\/p>\n","protected":false},"author":1,"featured_media":0,"parent":0,"menu_order":2,"comment_status":"closed","ping_status":"closed","template":"elementor_header_footer","meta":{"footnotes":""},"class_list":["post-1150","page","type-page","status-publish","hentry"],"yoast_head":"<!-- This site is optimized with the Yoast SEO plugin v27.4 - https:\/\/yoast.com\/product\/yoast-seo-wordpress\/ -->\n<title>Contact - Ferme de la Tour<\/title>\n<meta name=\"robots\" content=\"index, follow, max-snippet:-1, max-image-preview:large, max-video-preview:-1\" \/>\n<link rel=\"canonical\" href=\"https:\/\/www.fermedelatour-bugey.com\/en\/contact\/\" \/>\n<meta property=\"og:locale\" content=\"en_US\" \/>\n<meta property=\"og:type\" content=\"article\" \/>\n<meta property=\"og:title\" content=\"Contact - Ferme de la Tour\" \/>\n<meta property=\"og:description\" content=\"Contact &amp; Access Contact us Have an inquiry or a special request? By phone Isabelle DE CHALON +33 (0)7 86 53 04 25 By email info@fermedelatour-bugey.com Access the Ferme de la Tour Address La Tour 01130 Les Neyrolles, France GPS Coordinates Latitude: 46.11 Longitude: 5.63 To reach La Tour From the west(Lyon is about 1h30 [&hellip;]\" \/>\n<meta property=\"og:url\" content=\"https:\/\/www.fermedelatour-bugey.com\/en\/contact\/\" \/>\n<meta property=\"og:site_name\" content=\"Ferme de la Tour\" \/>\n<meta property=\"article:modified_time\" content=\"2024-05-07T07:35:28+00:00\" \/>\n<meta property=\"og:image\" content=\"https:\/\/www.fermedelatour-bugey.com\/wp-content\/uploads\/blason-ferme-de-la-tour.svg\" \/>\n<meta name=\"twitter:card\" content=\"summary_large_image\" \/>\n<meta name=\"twitter:label1\" content=\"Est. reading time\" \/>\n\t<meta name=\"twitter:data1\" content=\"1 minute\" \/>\n<script type=\"application\/ld+json\" class=\"yoast-schema-graph\">{\"@context\":\"https:\\\/\\\/schema.org\",\"@graph\":[{\"@type\":\"WebPage\",\"@id\":\"https:\\\/\\\/www.fermedelatour-bugey.com\\\/en\\\/contact\\\/\",\"url\":\"https:\\\/\\\/www.fermedelatour-bugey.com\\\/en\\\/contact\\\/\",\"name\":\"Contact - Ferme de la Tour\",\"isPartOf\":{\"@id\":\"https:\\\/\\\/www.fermedelatour-bugey.com\\\/#website\"},\"primaryImageOfPage\":{\"@id\":\"https:\\\/\\\/www.fermedelatour-bugey.com\\\/en\\\/contact\\\/#primaryimage\"},\"image\":{\"@id\":\"https:\\\/\\\/www.fermedelatour-bugey.com\\\/en\\\/contact\\\/#primaryimage\"},\"thumbnailUrl\":\"https:\\\/\\\/www.fermedelatour-bugey.com\\\/wp-content\\\/uploads\\\/blason-ferme-de-la-tour.svg\",\"datePublished\":\"2023-11-24T14:00:39+00:00\",\"dateModified\":\"2024-05-07T07:35:28+00:00\",\"breadcrumb\":{\"@id\":\"https:\\\/\\\/www.fermedelatour-bugey.com\\\/en\\\/contact\\\/#breadcrumb\"},\"inLanguage\":\"en-US\",\"potentialAction\":[{\"@type\":\"ReadAction\",\"target\":[\"https:\\\/\\\/www.fermedelatour-bugey.com\\\/en\\\/contact\\\/\"]}]},{\"@type\":\"ImageObject\",\"inLanguage\":\"en-US\",\"@id\":\"https:\\\/\\\/www.fermedelatour-bugey.com\\\/en\\\/contact\\\/#primaryimage\",\"url\":\"https:\\\/\\\/www.fermedelatour-bugey.com\\\/wp-content\\\/uploads\\\/blason-ferme-de-la-tour.svg\",\"contentUrl\":\"https:\\\/\\\/www.fermedelatour-bugey.com\\\/wp-content\\\/uploads\\\/blason-ferme-de-la-tour.svg\"},{\"@type\":\"BreadcrumbList\",\"@id\":\"https:\\\/\\\/www.fermedelatour-bugey.com\\\/en\\\/contact\\\/#breadcrumb\",\"itemListElement\":[{\"@type\":\"ListItem\",\"position\":1,\"name\":\"Accueil\",\"item\":\"https:\\\/\\\/www.fermedelatour-bugey.com\\\/en\\\/home\\\/\"},{\"@type\":\"ListItem\",\"position\":2,\"name\":\"Contact\"}]},{\"@type\":\"WebSite\",\"@id\":\"https:\\\/\\\/www.fermedelatour-bugey.com\\\/#website\",\"url\":\"https:\\\/\\\/www.fermedelatour-bugey.com\\\/\",\"name\":\"Ferme de la Tour\",\"description\":\"\",\"publisher\":{\"@id\":\"https:\\\/\\\/www.fermedelatour-bugey.com\\\/#organization\"},\"potentialAction\":[{\"@type\":\"SearchAction\",\"target\":{\"@type\":\"EntryPoint\",\"urlTemplate\":\"https:\\\/\\\/www.fermedelatour-bugey.com\\\/?s={search_term_string}\"},\"query-input\":{\"@type\":\"PropertyValueSpecification\",\"valueRequired\":true,\"valueName\":\"search_term_string\"}}],\"inLanguage\":\"en-US\"},{\"@type\":\"Organization\",\"@id\":\"https:\\\/\\\/www.fermedelatour-bugey.com\\\/#organization\",\"name\":\"Ferme de la Tour\",\"url\":\"https:\\\/\\\/www.fermedelatour-bugey.com\\\/\",\"logo\":{\"@type\":\"ImageObject\",\"inLanguage\":\"en-US\",\"@id\":\"https:\\\/\\\/www.fermedelatour-bugey.com\\\/#\\\/schema\\\/logo\\\/image\\\/\",\"url\":\"https:\\\/\\\/www.fermedelatour-bugey.com\\\/wp-content\\\/uploads\\\/logo-ferme-de-la-tour.svg\",\"contentUrl\":\"https:\\\/\\\/www.fermedelatour-bugey.com\\\/wp-content\\\/uploads\\\/logo-ferme-de-la-tour.svg\",\"width\":512,\"height\":89,\"caption\":\"Ferme de la Tour\"},\"image\":{\"@id\":\"https:\\\/\\\/www.fermedelatour-bugey.com\\\/#\\\/schema\\\/logo\\\/image\\\/\"}}]}<\/script>\n<!-- \/ Yoast SEO plugin. -->","yoast_head_json":{"title":"Contact - Ferme de la Tour","robots":{"index":"index","follow":"follow","max-snippet":"max-snippet:-1","max-image-preview":"max-image-preview:large","max-video-preview":"max-video-preview:-1"},"canonical":"https:\/\/www.fermedelatour-bugey.com\/en\/contact\/","og_locale":"en_US","og_type":"article","og_title":"Contact - Ferme de la Tour","og_description":"Contact &amp; Access Contact us Have an inquiry or a special request? By phone Isabelle DE CHALON +33 (0)7 86 53 04 25 By email info@fermedelatour-bugey.com Access the Ferme de la Tour Address La Tour 01130 Les Neyrolles, France GPS Coordinates Latitude: 46.11 Longitude: 5.63 To reach La Tour From the west(Lyon is about 1h30 [&hellip;]","og_url":"https:\/\/www.fermedelatour-bugey.com\/en\/contact\/","og_site_name":"Ferme de la Tour","article_modified_time":"2024-05-07T07:35:28+00:00","og_image":[{"url":"https:\/\/www.fermedelatour-bugey.com\/wp-content\/uploads\/blason-ferme-de-la-tour.svg","type":"","width":"","height":""}],"twitter_card":"summary_large_image","twitter_misc":{"Est. reading time":"1 minute"},"schema":{"@context":"https:\/\/schema.org","@graph":[{"@type":"WebPage","@id":"https:\/\/www.fermedelatour-bugey.com\/en\/contact\/","url":"https:\/\/www.fermedelatour-bugey.com\/en\/contact\/","name":"Contact - Ferme de la Tour","isPartOf":{"@id":"https:\/\/www.fermedelatour-bugey.com\/#website"},"primaryImageOfPage":{"@id":"https:\/\/www.fermedelatour-bugey.com\/en\/contact\/#primaryimage"},"image":{"@id":"https:\/\/www.fermedelatour-bugey.com\/en\/contact\/#primaryimage"},"thumbnailUrl":"https:\/\/www.fermedelatour-bugey.com\/wp-content\/uploads\/blason-ferme-de-la-tour.svg","datePublished":"2023-11-24T14:00:39+00:00","dateModified":"2024-05-07T07:35:28+00:00","breadcrumb":{"@id":"https:\/\/www.fermedelatour-bugey.com\/en\/contact\/#breadcrumb"},"inLanguage":"en-US","potentialAction":[{"@type":"ReadAction","target":["https:\/\/www.fermedelatour-bugey.com\/en\/contact\/"]}]},{"@type":"ImageObject","inLanguage":"en-US","@id":"https:\/\/www.fermedelatour-bugey.com\/en\/contact\/#primaryimage","url":"https:\/\/www.fermedelatour-bugey.com\/wp-content\/uploads\/blason-ferme-de-la-tour.svg","contentUrl":"https:\/\/www.fermedelatour-bugey.com\/wp-content\/uploads\/blason-ferme-de-la-tour.svg"},{"@type":"BreadcrumbList","@id":"https:\/\/www.fermedelatour-bugey.com\/en\/contact\/#breadcrumb","itemListElement":[{"@type":"ListItem","position":1,"name":"Accueil","item":"https:\/\/www.fermedelatour-bugey.com\/en\/home\/"},{"@type":"ListItem","position":2,"name":"Contact"}]},{"@type":"WebSite","@id":"https:\/\/www.fermedelatour-bugey.com\/#website","url":"https:\/\/www.fermedelatour-bugey.com\/","name":"Ferme de la Tour","description":"","publisher":{"@id":"https:\/\/www.fermedelatour-bugey.com\/#organization"},"potentialAction":[{"@type":"SearchAction","target":{"@type":"EntryPoint","urlTemplate":"https:\/\/www.fermedelatour-bugey.com\/?s={search_term_string}"},"query-input":{"@type":"PropertyValueSpecification","valueRequired":true,"valueName":"search_term_string"}}],"inLanguage":"en-US"},{"@type":"Organization","@id":"https:\/\/www.fermedelatour-bugey.com\/#organization","name":"Ferme de la Tour","url":"https:\/\/www.fermedelatour-bugey.com\/","logo":{"@type":"ImageObject","inLanguage":"en-US","@id":"https:\/\/www.fermedelatour-bugey.com\/#\/schema\/logo\/image\/","url":"https:\/\/www.fermedelatour-bugey.com\/wp-content\/uploads\/logo-ferme-de-la-tour.svg","contentUrl":"https:\/\/www.fermedelatour-bugey.com\/wp-content\/uploads\/logo-ferme-de-la-tour.svg","width":512,"height":89,"caption":"Ferme de la Tour"},"image":{"@id":"https:\/\/www.fermedelatour-bugey.com\/#\/schema\/logo\/image\/"}}]}},"_links":{"self":[{"href":"https:\/\/www.fermedelatour-bugey.com\/en\/wp-json\/wp\/v2\/pages\/1150","targetHints":{"allow":["GET"]}}],"collection":[{"href":"https:\/\/www.fermedelatour-bugey.com\/en\/wp-json\/wp\/v2\/pages"}],"about":[{"href":"https:\/\/www.fermedelatour-bugey.com\/en\/wp-json\/wp\/v2\/types\/page"}],"author":[{"embeddable":true,"href":"https:\/\/www.fermedelatour-bugey.com\/en\/wp-json\/wp\/v2\/users\/1"}],"replies":[{"embeddable":true,"href":"https:\/\/www.fermedelatour-bugey.com\/en\/wp-json\/wp\/v2\/comments?post=1150"}],"version-history":[{"count":19,"href":"https:\/\/www.fermedelatour-bugey.com\/en\/wp-json\/wp\/v2\/pages\/1150\/revisions"}],"predecessor-version":[{"id":2613,"href":"https:\/\/www.fermedelatour-bugey.com\/en\/wp-json\/wp\/v2\/pages\/1150\/revisions\/2613"}],"wp:attachment":[{"href":"https:\/\/www.fermedelatour-bugey.com\/en\/wp-json\/wp\/v2\/media?parent=1150"}],"curies":[{"name":"wp","href":"https:\/\/api.w.org\/{rel}","templated":true}]}}